{"id":97,"date":"2014-08-23T09:21:22","date_gmt":"2014-08-23T07:21:22","guid":{"rendered":"http:\/\/scoalaluncatecii.ro\/?page_id=97"},"modified":"2015-03-27T20:09:17","modified_gmt":"2015-03-27T18:09:17","slug":"consiliul-de-parinti","status":"publish","type":"page","link":"https:\/\/scoalaluncatecii.ro\/?page_id=97","title":{"rendered":"<!--:ro-->Comitetele de P\u0103rin\u0163i<!--:-->"},"content":{"rendered":"<p><!--:ro--><strong>\u015eCOALA\u00a0GIMNAZIAL\u0102\u00a0LUNCA<\/strong><\/p>\n<p>COMUNA\u00a0LUNCA<\/p>\n<p>JUDE\u0162UL\u00a0MURE\u015e<\/p>\n<p>&nbsp;<\/p>\n<p><b>COMITETELE\u00a0DE\u00a0P\u0102RIN\u0162I\u00a0PE\u00a0CLASE<\/b><\/p>\n<p>\u00ceN\u00a0ANUL\u00a0\u015eCOLAR\u00a02014-2015<\/p>\n<table>\n<tbody>\n<tr>\n<td width=\"97\">CLASA<\/td>\n<td width=\"172\">PRE\u015eEDINTE<\/td>\n<td width=\"192\">SECRETAR<\/td>\n<td width=\"188\">CASIER<\/td>\n<\/tr>\n<tr>\n<td width=\"97\">CP-III<\/td>\n<td width=\"172\">C\u0102TINEAN\u00a0ANA<\/td>\n<td width=\"192\">RUS\u00a0COSMINA<\/td>\n<td width=\"188\">VULTUR\u00a0VALENTINA<\/td>\n<\/tr>\n<tr>\n<td width=\"97\">I-IV<\/td>\n<td width=\"172\">PUNGEA\u00a0SIMONA<\/td>\n<td width=\"192\">RUS\u00a0ELENA\u00a0STRATICA<\/td>\n<td width=\"188\">POP\u00a0CORNELIU<\/td>\n<\/tr>\n<tr>\n<td width=\"97\">V-VIII<\/td>\n<td width=\"172\">MERA\u00a0PARASCHIVA<\/td>\n<td width=\"192\">\u015eULEA\u00a0ANGELA<\/td>\n<td width=\"188\">CHIOREAN\u00a0OANA<\/td>\n<\/tr>\n<tr>\n<td width=\"97\">VI<\/td>\n<td width=\"172\">VOD\u0102\u00a0MARIA<\/td>\n<td width=\"192\">FURDU\u00a0NICOLETA<\/td>\n<td width=\"188\">COSMA\u00a0ANGELA<\/td>\n<\/tr>\n<tr>\n<td width=\"97\">VII<\/td>\n<td width=\"172\">BEJAN\u00a0MARINELA<\/td>\n<td width=\"192\">\u015eULEA\u00a0LAURA<\/td>\n<td width=\"188\">ORDACE\u00a0REGHINA<\/td>\n<\/tr>\n<\/tbody>\n<\/table>\n<p>&nbsp;<\/p>\n<p>DIRECTOR\u00a0,PROF.<\/p>\n<p>CHICIUDEAN\u00a0TEODOR<!--:--><\/p>\n","protected":false},"excerpt":{"rendered":"<p>\u015eCOALA\u00a0GIMNAZIAL\u0102\u00a0LUNCA COMUNA\u00a0LUNCA JUDE\u0162UL\u00a0MURE\u015e &nbsp; COMITETELE\u00a0DE\u00a0P\u0102RIN\u0162I\u00a0PE\u00a0CLASE \u00ceN\u00a0ANUL\u00a0\u015eCOLAR\u00a02014-2015 CLASA PRE\u015eEDINTE SECRETAR CASIER CP-III C\u0102TINEAN\u00a0ANA RUS\u00a0COSMINA VULTUR\u00a0VALENTINA I-IV PUNGEA\u00a0SIMONA RUS\u00a0ELENA\u00a0STRATICA POP\u00a0CORNELIU V-VIII MERA\u00a0PARASCHIVA \u015eULEA\u00a0ANGELA CHIOREAN\u00a0OANA VI VOD\u0102\u00a0MARIA FURDU\u00a0NICOLETA COSMA\u00a0ANGELA VII BEJAN\u00a0MARINELA \u015eULEA\u00a0LAURA ORDACE\u00a0REGHINA &nbsp; DIRECTOR\u00a0,PROF. CHICIUDEAN\u00a0TEODOR<\/p>\n","protected":false},"author":1,"featured_media":0,"parent":95,"menu_order":1,"comment_status":"closed","ping_status":"closed","template":"","meta":{"footnotes":""},"class_list":["post-97","page","type-page","status-publish","hentry","nodate","item-wrap"],"_links":{"self":[{"href":"https:\/\/scoalaluncatecii.ro\/index.php?rest_route=\/wp\/v2\/pages\/97","targetHints":{"allow":["GET"]}}],"collection":[{"href":"https:\/\/scoalaluncatecii.ro\/index.php?rest_route=\/wp\/v2\/pages"}],"about":[{"href":"https:\/\/scoalaluncatecii.ro\/index.php?rest_route=\/wp\/v2\/types\/page"}],"author":[{"embeddable":true,"href":"https:\/\/scoalaluncatecii.ro\/index.php?rest_route=\/wp\/v2\/users\/1"}],"replies":[{"embeddable":true,"href":"https:\/\/scoalaluncatecii.ro\/index.php?rest_route=%2Fwp%2Fv2%2Fcomments&post=97"}],"version-history":[{"count":0,"href":"https:\/\/scoalaluncatecii.ro\/index.php?rest_route=\/wp\/v2\/pages\/97\/revisions"}],"up":[{"embeddable":true,"href":"https:\/\/scoalaluncatecii.ro\/index.php?rest_route=\/wp\/v2\/pages\/95"}],"wp:attachment":[{"href":"https:\/\/scoalaluncatecii.ro\/index.php?rest_route=%2Fwp%2Fv2%2Fmedia&parent=97"}],"curies":[{"name":"wp","href":"https:\/\/api.w.org\/{rel}","templated":true}]}}