{"id":698,"date":"2025-10-06T06:25:07","date_gmt":"2025-10-06T04:25:07","guid":{"rendered":"https:\/\/scoalaluncatecii.ro\/?page_id=698"},"modified":"2025-10-06T06:27:32","modified_gmt":"2025-10-06T04:27:32","slug":"contact","status":"publish","type":"page","link":"https:\/\/scoalaluncatecii.ro\/?page_id=698","title":{"rendered":"CONTACT"},"content":{"rendered":"\n<hr class=\"wp-block-separator has-alpha-channel-opacity\"\/>\n\n\n\n<h2 class=\"wp-block-heading has-text-align-center\">\u015ecoala Gimnazial\u0103 Lunca<\/h2>\n\n\n\n<p class=\"has-text-align-center\">STR.PRINCIPAL\u0102 NR.224. COMUNA LUNCA,JUD.MURE\u015e<\/p>\n\n\n\n<p class=\"has-text-align-center\"><em>Tel\/fax 0265542850<\/em><\/p>\n\n\n\n<p class=\"has-text-align-center\">Email:&nbsp;scoalalunca_ms@yahoo.com<\/p>\n\n\n\n<hr class=\"wp-block-separator has-alpha-channel-opacity\"\/>\n","protected":false},"excerpt":{"rendered":"<p>\u015ecoala Gimnazial\u0103 Lunca STR.PRINCIPAL\u0102 NR.224. COMUNA LUNCA,JUD.MURE\u015e Tel\/fax 0265542850 Email:&nbsp;scoalalunca_ms@yahoo.com<\/p>\n","protected":false},"author":1,"featured_media":0,"parent":0,"menu_order":0,"comment_status":"closed","ping_status":"closed","template":"","meta":{"footnotes":""},"class_list":["post-698","page","type-page","status-publish","hentry","nodate","item-wrap"],"_links":{"self":[{"href":"https:\/\/scoalaluncatecii.ro\/index.php?rest_route=\/wp\/v2\/pages\/698","targetHints":{"allow":["GET"]}}],"collection":[{"href":"https:\/\/scoalaluncatecii.ro\/index.php?rest_route=\/wp\/v2\/pages"}],"about":[{"href":"https:\/\/scoalaluncatecii.ro\/index.php?rest_route=\/wp\/v2\/types\/page"}],"author":[{"embeddable":true,"href":"https:\/\/scoalaluncatecii.ro\/index.php?rest_route=\/wp\/v2\/users\/1"}],"replies":[{"embeddable":true,"href":"https:\/\/scoalaluncatecii.ro\/index.php?rest_route=%2Fwp%2Fv2%2Fcomments&post=698"}],"version-history":[{"count":4,"href":"https:\/\/scoalaluncatecii.ro\/index.php?rest_route=\/wp\/v2\/pages\/698\/revisions"}],"predecessor-version":[{"id":705,"href":"https:\/\/scoalaluncatecii.ro\/index.php?rest_route=\/wp\/v2\/pages\/698\/revisions\/705"}],"wp:attachment":[{"href":"https:\/\/scoalaluncatecii.ro\/index.php?rest_route=%2Fwp%2Fv2%2Fmedia&parent=698"}],"curies":[{"name":"wp","href":"https:\/\/api.w.org\/{rel}","templated":true}]}}