{"id":159,"date":"2014-08-23T11:10:51","date_gmt":"2014-08-23T09:10:51","guid":{"rendered":"http:\/\/scoalaluncatecii.ro\/?page_id=159"},"modified":"2015-03-27T20:12:00","modified_gmt":"2015-03-27T18:12:00","slug":"performantele-scolii","status":"publish","type":"page","link":"https:\/\/scoalaluncatecii.ro\/?page_id=159","title":{"rendered":"<!--:ro-->Inser\u0163ie \u015ecolar\u0103<!--:-->"},"content":{"rendered":"","protected":false},"excerpt":{"rendered":"","protected":false},"author":1,"featured_media":0,"parent":0,"menu_order":0,"comment_status":"closed","ping_status":"closed","template":"","meta":{"footnotes":""},"class_list":["post-159","page","type-page","status-publish","hentry","nodate","item-wrap"],"_links":{"self":[{"href":"https:\/\/scoalaluncatecii.ro\/index.php?rest_route=\/wp\/v2\/pages\/159","targetHints":{"allow":["GET"]}}],"collection":[{"href":"https:\/\/scoalaluncatecii.ro\/index.php?rest_route=\/wp\/v2\/pages"}],"about":[{"href":"https:\/\/scoalaluncatecii.ro\/index.php?rest_route=\/wp\/v2\/types\/page"}],"author":[{"embeddable":true,"href":"https:\/\/scoalaluncatecii.ro\/index.php?rest_route=\/wp\/v2\/users\/1"}],"replies":[{"embeddable":true,"href":"https:\/\/scoalaluncatecii.ro\/index.php?rest_route=%2Fwp%2Fv2%2Fcomments&post=159"}],"version-history":[{"count":0,"href":"https:\/\/scoalaluncatecii.ro\/index.php?rest_route=\/wp\/v2\/pages\/159\/revisions"}],"wp:attachment":[{"href":"https:\/\/scoalaluncatecii.ro\/index.php?rest_route=%2Fwp%2Fv2%2Fmedia&parent=159"}],"curies":[{"name":"wp","href":"https:\/\/api.w.org\/{rel}","templated":true}]}}